{"id":400,"date":"2019-10-14T12:46:08","date_gmt":"2019-10-14T12:46:08","guid":{"rendered":"https:\/\/www.demo.cosmoswp.com\/demo-6\/?page_id=288"},"modified":"2024-06-11T19:13:25","modified_gmt":"2024-06-11T19:13:25","slug":"o-nama","status":"publish","type":"page","link":"https:\/\/sportsperformance.me\/yu\/o-nama\/","title":{"rendered":"O nama"},"content":{"rendered":"\n<section id=\"section-651e8c21-c082-42de-960e-77800ef70434\" class=\"wp-block-gutentor-about-block gutentor-section gutentor-about about-template1\"><div class=\"grid-container\"><div class=\"gutentor-grid-item-wrap\"><div class=\"gutentor-single-item\"><div class=\"grid-row\"><div class=\"grid-md-6 about-grid\"><div class=\"gutentor-single-item-image-box\"><div class=\"gutentor-image-thumb\"><img loading=\"lazy\" decoding=\"async\" class=\"normal-image\" src=\"https:\/\/sportsperformance.me\/yu\/wp-content\/uploads\/sites\/3\/2019\/10\/students-1807505_1920.jpg\" alt=\"\" height=\"1281\" width=\"1920\"\/><\/div><\/div><\/div><div class=\"grid-md-6 about-grid\"><div class=\"gutentor-single-item-content\"><div class=\"gutentor-about-content\"><h2 class=\"gutentor-single-item-title\">O NAMA<\/h2><p class=\"gutentor-single-item-desc\">Sportsperformance.me je organizacija koja se bavi promocijom, savjetovanjem, kao i treningom mladih \u0111aka-sportista zainteresovanih da svoj akademski i sportski razvoj nastave u nekoj od ameri\u010dkih, turskih, italijanskih,ruskih\u00a0 srednjih \u0161kola i univerziteta. Cilj na\u0161ih usluga je pomo\u0107 ambicioznim mladim ljudima da se adekvatno pripreme i predstave ameri\u010dkim, turskim, italijanskim i ruskim trenerima i obrazovnim\u00a0 institucijama kako bi im bio ponu\u0111en \u0161to ve\u0107i iznos sportskih\/\u0161kolskih stipendija.<\/p><\/div><\/div><\/div><\/div><\/div><\/div><\/div><\/section>\n\n\n\n<div class=\"wp-block-uagb-container uagb-block-ed7b901b default uagb-is-root-container\">\n<div class=\"wp-block-stackable-heading stk-block-heading stk-block-heading--v2 stk-block stk-a099e58\" id=\"nasa-vizija\" data-block-id=\"a099e58\"><h2 class=\"stk-block-heading__text\">NA\u0160A VIZIJA<\/h2><\/div>\n\n\n\n<div class=\"wp-block-stackable-text stk-block-text stk-block stk-a91a44a\" data-block-id=\"a91a44a\"><p class=\"stk-block-text__text\">Osnovni cilj na\u0161eg postojanja i funkcionisanja je pomo\u0107 mladim sportistima da spoje, nespojivo, a to su sport i \u0161kola. Na\u0161 moto predstavlja zvijezdu vodilju i podsje\u0107a nas na svrhu posla kojim se bavimo, a glasi \u201cSport i \u0161kola u isto vrijeme\u201d.<\/p><\/div>\n\n\n\n<div class=\"wp-block-stackable-text stk-block-text stk-block stk-f5ff44a\" data-block-id=\"f5ff44a\"><p class=\"stk-block-text__text\">Naime sistem na koji sport u Evropi, pa i u \u010ditavom ostatku svijeta funkcioni\u0161e se, su\u0161tinski razlikuje od sistema na kom je zasnovan sport u SAD. U svim dr\u017eavama svijeta izuzev SAD fokus sporta je na profesionalizmu. Sportske aktivnosti se de\u0161avaju po klubovima koji se takmi\u010de u ligama koje ni na koji na\u010din nisu povezane sa obrazovnim institucijama i upravo tu i nastaje problem. Klubovi se trude da ostvare \u0161to bolje rezultate i da stvore \u0161to kvalitetnije sportiste te od mladih sportista ne rijetko zahtijevaju da napuste \u0161kole ili pak \u0161kolovanje nastave vanredno da bi imali dovoljno vremena da vi\u0161e treniraju. Kada uzmemo u obzir i problem velikih udaljenosti izme\u0111u \u0161kola, klubova i mjesta stanovanja dolazimo do zaklju\u010dka, kako teorijski tako i u praksi, da je prakti\u010dno nemogu\u0107e ozbiljno se baviti sportom i \u0161kolom u isto vrijeme. SAD I Turska su svoj sistem koncipirali potpuno druga\u010dije i fokus stavio na amaterizam te sve sportske aktivnosti pozicionirao u obrazovne institucije (srednje \u0161kole, prep \u0161kole, vi\u0161e \u0161kole i univerzitete) sa ciljem da prevazi\u0111e probleme o kojima smo govorili u prethodnim re\u010denicama. USPJELI SU DA POVE\u017dU NESPOJIVO!<\/p><\/div>\n\n\n\n<div class=\"wp-block-stackable-text stk-block-text stk-block stk-db124b0\" data-block-id=\"db124b0\"><p class=\"stk-block-text__text\">Na\u0161a vizija je ostvarivanje snova na\u0161im Klijentima<br>Na\u0161a vizija je pomo\u0107 mladim sportistima u pronala\u017eenju mogu\u0107nosti za upis u srednje \u0161kole i na univerzitete koji \u0107e im pruziti sjajno akademsko i sportsko iskustvo i koji \u0107e zasigurno ostaviti neizbrisiv trag na njihovu budu\u0107nost<br>Na\u0161a vizija je pomo\u0107 u usmjeravanju ostatka \u017eivota na\u0161ih Klijenata i ogleda se u sloganu \u201cUsmjeri svoju budu\u0107nost\u201d zato se prijavite u na\u0161 program \u0161to prije i pomozite nam da ostvarimo na\u0161u viziju!<\/p><\/div>\n<\/div>\n\n\n\n<div class=\"wp-block-stackable-heading stk-block-heading stk-block-heading--v2 stk-block stk-b17e4e2\" id=\"partneri\" data-block-id=\"b17e4e2\"><h2 class=\"stk-block-heading__text has-text-align-center\">PARTNERI<\/h2><\/div>\n\n\n\n<section id=\"section-e4954a89-01a4-4399-9778-8d496bb485fd\" class=\"wp-block-gutentor-image-box gutentor-section gutentor-image-wrapper imagebox-template1 has-color-bg has-custom-bg\"><div class=\"grid-container\"><div class=\"grid-row gutentor-grid-item-wrap\"><div class=\"gutentor-grid-column grid-lg-4 grid-md-2m3 grid-6\"><div class=\"gutentor-single-item gutentor-image gutentor-single-item-0\"><div class=\"gutentor-single-item-wrap\"><div class=\"gutentor-single-item-image-box\"><div class=\"gutentor-image-thumb\"><img loading=\"lazy\" decoding=\"async\" class=\"normal-image\" src=\"https:\/\/sportsperformance.me\/yu\/wp-content\/uploads\/sites\/3\/2024\/06\/UBA-230x300-1.jpg\" alt=\"\" height=\"300\" width=\"230\"\/><\/div><\/div><div class=\"gutentor-single-item-content\"><\/div><\/div><\/div><\/div><div class=\"gutentor-grid-column grid-lg-4 grid-md-2m3 grid-6\"><div class=\"gutentor-single-item gutentor-image gutentor-single-item-1\"><div class=\"gutentor-single-item-wrap\"><div class=\"gutentor-single-item-image-box\"><div class=\"gutentor-image-thumb\"><img loading=\"lazy\" decoding=\"async\" class=\"normal-image\" src=\"https:\/\/sportsperformance.me\/yu\/wp-content\/uploads\/sites\/3\/2024\/06\/image-b8e060cfd612faa317de6e0a7245a165fc9623987fe01dd89a9a52f5730f9ff8-V-236x300-1.jpg\" alt=\"\" height=\"300\" width=\"236\"\/><\/div><\/div><div class=\"gutentor-single-item-content\"><\/div><\/div><\/div><\/div><div class=\"gutentor-grid-column grid-lg-4 grid-md-2m3 grid-6\"><div class=\"gutentor-single-item gutentor-image gutentor-single-item-2\"><div class=\"gutentor-single-item-wrap\"><div class=\"gutentor-single-item-image-box\"><div class=\"gutentor-image-thumb\"><img loading=\"lazy\" decoding=\"async\" class=\"normal-image\" src=\"https:\/\/sportsperformance.me\/yu\/wp-content\/uploads\/sites\/3\/2024\/06\/logo-kluba.gif\" alt=\"\" height=\"238\" width=\"220\"\/><\/div><\/div><div class=\"gutentor-single-item-content\"><\/div><\/div><\/div><\/div><\/div><\/div><\/section>\n","protected":false},"excerpt":{"rendered":"<p>NA\u0160A VIZIJA Osnovni cilj na\u0161eg postojanja i funkcionisanja je pomo\u0107 mladim sportistima da spoje, nespojivo, a to su sport i \u0161kola. Na\u0161 moto predstavlja zvijezdu vodilju i podsje\u0107a nas na svrhu posla kojim se bavimo, a glasi \u201cSport i \u0161kola u isto vrijeme\u201d. Naime sistem na koji sport u Evropi, pa i u \u010ditavom ostatku [&hellip;]<\/p>\n","protected":false},"author":1,"featured_media":0,"parent":0,"menu_order":0,"comment_status":"closed","ping_status":"closed","template":"template-gutentor-full-width.php","meta":{"_uag_custom_page_level_css":"","footnotes":""},"class_list":["post-400","page","type-page","status-publish","hentry"],"uagb_featured_image_src":{"full":false,"thumbnail":false,"medium":false,"medium_large":false,"large":false,"1536x1536":false,"2048x2048":false,"post-thumbnail":false,"menu-24x24":false,"menu-36x36":false,"menu-48x48":false,"crp_thumbnail":false},"uagb_author_info":{"display_name":"wpadmin","author_link":"https:\/\/sportsperformance.me\/yu\/author\/wpadmin\/"},"uagb_comment_info":0,"uagb_excerpt":"NA\u0160A VIZIJA Osnovni cilj na\u0161eg postojanja i funkcionisanja je pomo\u0107 mladim sportistima da spoje, nespojivo, a to su sport i \u0161kola. Na\u0161 moto predstavlja zvijezdu vodilju i podsje\u0107a nas na svrhu posla kojim se bavimo, a glasi \u201cSport i \u0161kola u isto vrijeme\u201d. Naime sistem na koji sport u Evropi, pa i u \u010ditavom ostatku&hellip;","_links":{"self":[{"href":"https:\/\/sportsperformance.me\/yu\/wp-json\/wp\/v2\/pages\/400","targetHints":{"allow":["GET"]}}],"collection":[{"href":"https:\/\/sportsperformance.me\/yu\/wp-json\/wp\/v2\/pages"}],"about":[{"href":"https:\/\/sportsperformance.me\/yu\/wp-json\/wp\/v2\/types\/page"}],"author":[{"embeddable":true,"href":"https:\/\/sportsperformance.me\/yu\/wp-json\/wp\/v2\/users\/1"}],"replies":[{"embeddable":true,"href":"https:\/\/sportsperformance.me\/yu\/wp-json\/wp\/v2\/comments?post=400"}],"version-history":[{"count":20,"href":"https:\/\/sportsperformance.me\/yu\/wp-json\/wp\/v2\/pages\/400\/revisions"}],"predecessor-version":[{"id":615,"href":"https:\/\/sportsperformance.me\/yu\/wp-json\/wp\/v2\/pages\/400\/revisions\/615"}],"wp:attachment":[{"href":"https:\/\/sportsperformance.me\/yu\/wp-json\/wp\/v2\/media?parent=400"}],"curies":[{"name":"wp","href":"https:\/\/api.w.org\/{rel}","templated":true}]}}